{"id":1938,"date":"2026-04-02T18:28:56","date_gmt":"2026-04-02T18:28:56","guid":{"rendered":"http:\/\/graphiqueandcom-dev.fr\/?page_id=1938"},"modified":"2026-04-02T18:38:51","modified_gmt":"2026-04-02T18:38:51","slug":"maintenance","status":"publish","type":"page","link":"https:\/\/dellanna.fr\/","title":{"rendered":"Maintenance"},"content":{"rendered":"\t\t<div data-elementor-type=\"wp-post\" data-elementor-id=\"1938\" class=\"elementor elementor-1938\" data-elementor-settings=\"[]\">\n\t\t\t<div class=\"elementor-inner\">\n\t\t\t\t<div class=\"elementor-section-wrap\">\n\t\t\t\t\t\t\t<section class=\"elementor-element elementor-element-b6c7d12 elementor-section-boxed elementor-section-height-default elementor-section-height-default elementor-section elementor-top-section\" data-id=\"b6c7d12\" data-element_type=\"section\">\n\t\t\t\t\t\t<div class=\"elementor-container elementor-column-gap-default\">\n\t\t\t\t<div class=\"elementor-row\">\n\t\t\t\t<div class=\"elementor-element elementor-element-8ef2033 elementor-column elementor-col-100 elementor-top-column\" data-id=\"8ef2033\" data-element_type=\"column\">\n\t\t\t<div class=\"elementor-column-wrap  elementor-element-populated\">\n\t\t\t\t\t<div class=\"elementor-widget-wrap\">\n\t\t\t\t<div class=\"elementor-element elementor-element-5ce269b elementor-widget elementor-widget-image\" data-id=\"5ce269b\" data-element_type=\"widget\" data-widget_type=\"image.default\">\n\t\t\t\t<div class=\"elementor-widget-container\">\n\t\t\t\t\t<div class=\"elementor-image\">\n\t\t\t\t\t\t\t\t\t\t<img decoding=\"async\" src=\"https:\/\/dellanna.fr\/wp-content\/uploads\/2026\/02\/logo-dellanna-2.gif\" title=\"logo-dellanna-2\" alt=\"logo-dellanna-2\" \/>\t\t\t\t\t\t\t\t\t\t\t<\/div>\n\t\t\t\t<\/div>\n\t\t\t\t<\/div>\n\t\t\t\t<div class=\"elementor-element elementor-element-84f4f1c elementor-widget elementor-widget-divider\" data-id=\"84f4f1c\" data-element_type=\"widget\" data-widget_type=\"divider.default\">\n\t\t\t\t<div class=\"elementor-widget-container\">\n\t\t\t\t\t<div class=\"elementor-divider\">\n\t\t\t<span class=\"elementor-divider-separator\">\n\t\t\t\t\t\t<\/span>\n\t\t<\/div>\n\t\t\t\t<\/div>\n\t\t\t\t<\/div>\n\t\t\t\t<div class=\"elementor-element elementor-element-0bb3fac elementor-widget elementor-widget-heading\" data-id=\"0bb3fac\" data-element_type=\"widget\" data-widget_type=\"heading.default\">\n\t\t\t\t<div class=\"elementor-widget-container\">\n\t\t\t<h1 class=\"elementor-heading-title elementor-size-default\">Notre site web se r\u00e9invente pour vous !<\/h1>\t\t<\/div>\n\t\t\t\t<\/div>\n\t\t\t\t<div class=\"elementor-element elementor-element-26f30a9 elementor-widget elementor-widget-jet-inline-svg\" data-id=\"26f30a9\" data-element_type=\"widget\" data-widget_type=\"jet-inline-svg.default\">\n\t\t\t\t<div class=\"elementor-widget-container\">\n\t\t\t<div class=\"elementor-jet-inline-svg jet-elements\"><div class=\"jet-inline-svg__wrapper\"><div class=\"jet-inline-svg jet-inline-svg--custom-width jet-inline-svg--custom-color\"><div class=\"jet-inline-svg__inner\"><svg xmlns=\"http:\/\/www.w3.org\/2000\/svg\" viewBox=\"0 0 283.5 240.9\"><g><g id=\"Calque_1\"><path d=\"M255.5,16l-113.8,193.4L28,16h227.5M283.5,0H0l141.7,240.9L283.5,0h0Z\" fill=\"currentColor\"><\/path><\/g><\/g><\/svg><\/div><\/div><\/div><\/div>\t\t<\/div>\n\t\t\t\t<\/div>\n\t\t\t\t<div class=\"elementor-element elementor-element-63dc73b elementor-widget elementor-widget-text-editor\" data-id=\"63dc73b\" data-element_type=\"widget\" data-widget_type=\"text-editor.default\">\n\t\t\t\t<div class=\"elementor-widget-container\">\n\t\t\t\t\t<div class=\"elementor-text-editor elementor-clearfix\"><p>Chers clients et partenaires,<br \/>Notre site est <strong>en pleine m\u00e9tamorphose<\/strong> pour vous offrir une exp\u00e9rience encore plus fluide, moderne et inspirante.<br \/>Pendant ce lifting num\u00e9rique, nos \u00e9quipes restent <strong>100 % disponibles<\/strong> pour r\u00e9pondre \u00e0 vos besoins en \u00e9lectricit\u00e9, plomberie, chauffage et domotique.<\/p><\/div>\n\t\t\t\t<\/div>\n\t\t\t\t<\/div>\n\t\t\t\t<div class=\"elementor-element elementor-element-af072ea elementor-widget elementor-widget-text-editor\" data-id=\"af072ea\" data-element_type=\"widget\" data-widget_type=\"text-editor.default\">\n\t\t\t\t<div class=\"elementor-widget-container\">\n\t\t\t\t\t<div class=\"elementor-text-editor elementor-clearfix\"><strong>Un projet ? Une urgence ?<\/strong>\nContactez-nous sur <strong><a style=\"color: #00b596;\" href=\"mailto:contact@dellanna.fr\" target=\"_blank\" rel=\"noopener noreferrer nofollow\">contact@dellanna.fr<\/a><\/strong>\n<span style=\"font-size: inherit; text-align: inherit; letter-spacing: -0.015em;\">ou au <strong>04 90 75 31 90<\/strong><\/span><\/div>\n\t\t\t\t<\/div>\n\t\t\t\t<\/div>\n\t\t\t\t\t\t<\/div>\n\t\t\t<\/div>\n\t\t<\/div>\n\t\t\t\t\t\t<\/div>\n\t\t\t<\/div>\n\t\t<\/section>\n\t\t\t\t\t\t<\/div>\n\t\t\t<\/div>\n\t\t<\/div>\n\t\t","protected":false},"excerpt":{"rendered":"<p>Notre site web se r\u00e9invente pour vous ! Chers clients et partenaires,Notre site est en pleine m\u00e9tamorphose pour vous offrir une exp\u00e9rience encore plus fluide, moderne et inspirante.Pendant ce lifting num\u00e9rique, nos \u00e9quipes restent 100 % disponibles pour r\u00e9pondre \u00e0 vos besoins en \u00e9lectricit\u00e9, plomberie, chauffage et domotique. Un projet ? Une urgence ? Contactez-nous [&hellip;]<\/p>\n","protected":false},"author":1,"featured_media":0,"parent":0,"menu_order":0,"comment_status":"closed","ping_status":"closed","template":"elementor_canvas","meta":{"footnotes":""},"class_list":["post-1938","page","type-page","status-publish","hentry"],"yoast_head":"<!-- This site is optimized with the Yoast SEO plugin v27.0 - https:\/\/yoast.com\/product\/yoast-seo-wordpress\/ -->\n<title>Maintenance - DELL\u2019ANNA - \u00c9lectricit\u00e9, Plomberie, Chauffage, Domotique, \u00e9nergie renouvelable - Vaucluse<\/title>\n<meta name=\"robots\" content=\"index, follow, max-snippet:-1, max-image-preview:large, max-video-preview:-1\" \/>\n<link rel=\"canonical\" href=\"https:\/\/dellanna.fr\/\" \/>\n<meta property=\"og:locale\" content=\"fr_FR\" \/>\n<meta property=\"og:type\" content=\"article\" \/>\n<meta property=\"og:title\" content=\"Maintenance - DELL\u2019ANNA - \u00c9lectricit\u00e9, Plomberie, Chauffage, Domotique, \u00e9nergie renouvelable - Vaucluse\" \/>\n<meta property=\"og:description\" content=\"Notre site web se r\u00e9invente pour vous ! Chers clients et partenaires,Notre site est en pleine m\u00e9tamorphose pour vous offrir une exp\u00e9rience encore plus fluide, moderne et inspirante.Pendant ce lifting num\u00e9rique, nos \u00e9quipes restent 100 % disponibles pour r\u00e9pondre \u00e0 vos besoins en \u00e9lectricit\u00e9, plomberie, chauffage et domotique. Un projet ? Une urgence ? Contactez-nous [&hellip;]\" \/>\n<meta property=\"og:url\" content=\"https:\/\/dellanna.fr\/\" \/>\n<meta property=\"og:site_name\" content=\"DELL\u2019ANNA - \u00c9lectricit\u00e9, Plomberie, Chauffage, Domotique, \u00e9nergie renouvelable - Vaucluse\" \/>\n<meta property=\"article:modified_time\" content=\"2026-04-02T18:38:51+00:00\" \/>\n<meta property=\"og:image\" content=\"http:\/\/graphiqueandcom-dev.fr\/wp-content\/uploads\/2026\/02\/logo-dellanna-2.gif\" \/>\n<meta name=\"twitter:card\" content=\"summary_large_image\" \/>\n<meta name=\"twitter:label1\" content=\"Dur\u00e9e de lecture estim\u00e9e\" \/>\n\t<meta name=\"twitter:data1\" content=\"5 minutes\" \/>\n<script type=\"application\/ld+json\" class=\"yoast-schema-graph\">{\"@context\":\"https:\/\/schema.org\",\"@graph\":[{\"@type\":\"WebPage\",\"@id\":\"https:\/\/dellanna.fr\/\",\"url\":\"https:\/\/dellanna.fr\/\",\"name\":\"Maintenance - DELL\u2019ANNA - \u00c9lectricit\u00e9, Plomberie, Chauffage, Domotique, \u00e9nergie renouvelable - Vaucluse\",\"isPartOf\":{\"@id\":\"https:\/\/dellanna.fr\/#website\"},\"primaryImageOfPage\":{\"@id\":\"https:\/\/dellanna.fr\/#primaryimage\"},\"image\":{\"@id\":\"https:\/\/dellanna.fr\/#primaryimage\"},\"thumbnailUrl\":\"http:\/\/graphiqueandcom-dev.fr\/wp-content\/uploads\/2026\/02\/logo-dellanna-2.gif\",\"datePublished\":\"2026-04-02T18:28:56+00:00\",\"dateModified\":\"2026-04-02T18:38:51+00:00\",\"breadcrumb\":{\"@id\":\"https:\/\/dellanna.fr\/#breadcrumb\"},\"inLanguage\":\"fr-FR\",\"potentialAction\":[{\"@type\":\"ReadAction\",\"target\":[\"https:\/\/dellanna.fr\/\"]}]},{\"@type\":\"ImageObject\",\"inLanguage\":\"fr-FR\",\"@id\":\"https:\/\/dellanna.fr\/#primaryimage\",\"url\":\"http:\/\/graphiqueandcom-dev.fr\/wp-content\/uploads\/2026\/02\/logo-dellanna-2.gif\",\"contentUrl\":\"http:\/\/graphiqueandcom-dev.fr\/wp-content\/uploads\/2026\/02\/logo-dellanna-2.gif\"},{\"@type\":\"BreadcrumbList\",\"@id\":\"https:\/\/dellanna.fr\/#breadcrumb\",\"itemListElement\":[{\"@type\":\"ListItem\",\"position\":1,\"name\":\"Accueil\",\"item\":\"https:\/\/dellanna.fr\/\"},{\"@type\":\"ListItem\",\"position\":2,\"name\":\"Maintenance\"}]},{\"@type\":\"WebSite\",\"@id\":\"https:\/\/dellanna.fr\/#website\",\"url\":\"https:\/\/dellanna.fr\/\",\"name\":\"DELL\u2019ANNA - \u00c9lectricit\u00e9, Plomberie, Chauffage, Domotique, \u00e9nergie renouvelable - Vaucluse\",\"description\":\"DELL\u2019ANNA - \u00c9lectricit\u00e9, Plomberie, Chauffage, Domotique, \u00e9nergie renouvelable - Vaucluse\",\"potentialAction\":[{\"@type\":\"SearchAction\",\"target\":{\"@type\":\"EntryPoint\",\"urlTemplate\":\"https:\/\/dellanna.fr\/?s={search_term_string}\"},\"query-input\":{\"@type\":\"PropertyValueSpecification\",\"valueRequired\":true,\"valueName\":\"search_term_string\"}}],\"inLanguage\":\"fr-FR\"}]}<\/script>\n<!-- \/ Yoast SEO plugin. -->","yoast_head_json":{"title":"Maintenance - DELL\u2019ANNA - \u00c9lectricit\u00e9, Plomberie, Chauffage, Domotique, \u00e9nergie renouvelable - Vaucluse","robots":{"index":"index","follow":"follow","max-snippet":"max-snippet:-1","max-image-preview":"max-image-preview:large","max-video-preview":"max-video-preview:-1"},"canonical":"https:\/\/dellanna.fr\/","og_locale":"fr_FR","og_type":"article","og_title":"Maintenance - DELL\u2019ANNA - \u00c9lectricit\u00e9, Plomberie, Chauffage, Domotique, \u00e9nergie renouvelable - Vaucluse","og_description":"Notre site web se r\u00e9invente pour vous ! Chers clients et partenaires,Notre site est en pleine m\u00e9tamorphose pour vous offrir une exp\u00e9rience encore plus fluide, moderne et inspirante.Pendant ce lifting num\u00e9rique, nos \u00e9quipes restent 100 % disponibles pour r\u00e9pondre \u00e0 vos besoins en \u00e9lectricit\u00e9, plomberie, chauffage et domotique. Un projet ? Une urgence ? Contactez-nous [&hellip;]","og_url":"https:\/\/dellanna.fr\/","og_site_name":"DELL\u2019ANNA - \u00c9lectricit\u00e9, Plomberie, Chauffage, Domotique, \u00e9nergie renouvelable - Vaucluse","article_modified_time":"2026-04-02T18:38:51+00:00","og_image":[{"url":"http:\/\/graphiqueandcom-dev.fr\/wp-content\/uploads\/2026\/02\/logo-dellanna-2.gif","type":"","width":"","height":""}],"twitter_card":"summary_large_image","twitter_misc":{"Dur\u00e9e de lecture estim\u00e9e":"5 minutes"},"schema":{"@context":"https:\/\/schema.org","@graph":[{"@type":"WebPage","@id":"https:\/\/dellanna.fr\/","url":"https:\/\/dellanna.fr\/","name":"Maintenance - DELL\u2019ANNA - \u00c9lectricit\u00e9, Plomberie, Chauffage, Domotique, \u00e9nergie renouvelable - Vaucluse","isPartOf":{"@id":"https:\/\/dellanna.fr\/#website"},"primaryImageOfPage":{"@id":"https:\/\/dellanna.fr\/#primaryimage"},"image":{"@id":"https:\/\/dellanna.fr\/#primaryimage"},"thumbnailUrl":"http:\/\/graphiqueandcom-dev.fr\/wp-content\/uploads\/2026\/02\/logo-dellanna-2.gif","datePublished":"2026-04-02T18:28:56+00:00","dateModified":"2026-04-02T18:38:51+00:00","breadcrumb":{"@id":"https:\/\/dellanna.fr\/#breadcrumb"},"inLanguage":"fr-FR","potentialAction":[{"@type":"ReadAction","target":["https:\/\/dellanna.fr\/"]}]},{"@type":"ImageObject","inLanguage":"fr-FR","@id":"https:\/\/dellanna.fr\/#primaryimage","url":"http:\/\/graphiqueandcom-dev.fr\/wp-content\/uploads\/2026\/02\/logo-dellanna-2.gif","contentUrl":"http:\/\/graphiqueandcom-dev.fr\/wp-content\/uploads\/2026\/02\/logo-dellanna-2.gif"},{"@type":"BreadcrumbList","@id":"https:\/\/dellanna.fr\/#breadcrumb","itemListElement":[{"@type":"ListItem","position":1,"name":"Accueil","item":"https:\/\/dellanna.fr\/"},{"@type":"ListItem","position":2,"name":"Maintenance"}]},{"@type":"WebSite","@id":"https:\/\/dellanna.fr\/#website","url":"https:\/\/dellanna.fr\/","name":"DELL\u2019ANNA - \u00c9lectricit\u00e9, Plomberie, Chauffage, Domotique, \u00e9nergie renouvelable - Vaucluse","description":"DELL\u2019ANNA - \u00c9lectricit\u00e9, Plomberie, Chauffage, Domotique, \u00e9nergie renouvelable - Vaucluse","potentialAction":[{"@type":"SearchAction","target":{"@type":"EntryPoint","urlTemplate":"https:\/\/dellanna.fr\/?s={search_term_string}"},"query-input":{"@type":"PropertyValueSpecification","valueRequired":true,"valueName":"search_term_string"}}],"inLanguage":"fr-FR"}]}},"_links":{"self":[{"href":"https:\/\/dellanna.fr\/index.php\/wp-json\/wp\/v2\/pages\/1938","targetHints":{"allow":["GET"]}}],"collection":[{"href":"https:\/\/dellanna.fr\/index.php\/wp-json\/wp\/v2\/pages"}],"about":[{"href":"https:\/\/dellanna.fr\/index.php\/wp-json\/wp\/v2\/types\/page"}],"author":[{"embeddable":true,"href":"https:\/\/dellanna.fr\/index.php\/wp-json\/wp\/v2\/users\/1"}],"replies":[{"embeddable":true,"href":"https:\/\/dellanna.fr\/index.php\/wp-json\/wp\/v2\/comments?post=1938"}],"version-history":[{"count":2,"href":"https:\/\/dellanna.fr\/index.php\/wp-json\/wp\/v2\/pages\/1938\/revisions"}],"predecessor-version":[{"id":1942,"href":"https:\/\/dellanna.fr\/index.php\/wp-json\/wp\/v2\/pages\/1938\/revisions\/1942"}],"wp:attachment":[{"href":"https:\/\/dellanna.fr\/index.php\/wp-json\/wp\/v2\/media?parent=1938"}],"curies":[{"name":"wp","href":"https:\/\/api.w.org\/{rel}","templated":true}]}}